{"id":2303,"date":"2024-06-06T15:20:00","date_gmt":"2024-06-06T15:20:00","guid":{"rendered":"https:\/\/repuestoscdlexpress.cl\/?post_type=product&#038;p=2303"},"modified":"2024-06-06T15:20:05","modified_gmt":"2024-06-06T15:20:05","slug":"aceite-de-motor-yacco-vx-premium-vx-500-10w40-2-litros-full-sintetico-frances","status":"publish","type":"product","link":"https:\/\/repuestoscdlexpress.cl\/?product=aceite-de-motor-yacco-vx-premium-vx-500-10w40-2-litros-full-sintetico-frances","title":{"rendered":"Aceite de Motor Yacco VX Premium &#8211; VX 500 10W40 2 LITROS-Full Sintetico Frances"},"content":{"rendered":"<p style=\"text-align: left;\"><strong>El aceite\u00a0Yacco VX 500 10W40\u00a0es un aceite de tecnolog\u00eda sint\u00e9tica para motores gasolina y di\u00e9sel de altas prestaciones.<\/strong><\/p>\n<p style=\"text-align: left;\"><strong>El aceite\u00a0Yacco VX 500 10W40\u00a0es un aceite de tecnolog\u00eda sint\u00e9tica de altas prestaciones para motores de altas prestaciones gasolina, di\u00e9sel o GLP, ya sean equipados con turbo y\/o inyecci\u00f3n directa.<\/strong><\/p>\n<p style=\"text-align: left;\"><strong>El aceite\u00a0Yacco VX 500 10W40\u00a0limita el consumo de aceite y permite intervalos de cambio m\u00e1s largos. Es adecuado para motores que realizan largos trayectos por autopista a un ritmo sostenido, as\u00ed como para trayectos cortos con arranques frecuentes.<\/strong><\/p>\n<p style=\"text-align: left;\"><strong>Propiedades y beneficios<\/strong><\/p>\n<p style=\"text-align: left;\"><strong>Numerosas especificaciones de los fabricantes: SAE 10W-40 con notables prestaciones que cumplen, entre otras cosas, las exigencias de Renault\/PSA y superan a la mayor\u00eda de los aceites SAE 10W-40 del mercado.<\/strong><\/p>\n<p style=\"text-align: left;\"><strong>Formulaci\u00f3n rica en componentes sint\u00e9ticos para mantener el rendimiento del lubricante en el tiempo y garantizar una lubricaci\u00f3n \u00f3ptima hasta el cambio de aceite.<\/strong><\/p>\n<p style=\"text-align: left;\"><strong>Alto \u00edndice de viscosidad que permite una excelente resistencia a las altas temperaturas, pero tambi\u00e9n una r\u00e1pida lubricaci\u00f3n de los componentes del motor durante los arranques en fr\u00edo.<\/strong><\/p>\n<p style=\"text-align: left;\"><strong>Adici\u00f3n reforzada de agentes dispersantes y detergentes: evita la obstrucci\u00f3n prematura del motor y garantiza el mantenimiento del rendimiento y una mayor longevidad del motor.<\/strong><\/p>\n","protected":false},"excerpt":{"rendered":"<h3 class=\"product-view-topics-title\"><strong>Especificaciones<\/strong><\/h3>\n<div class=\"product-view-topics-rte\">\n<p><strong>ACEA A3\/B4, API SN\/CF<\/strong><\/p>\n<p><strong>PSA B71 2300<\/strong><\/p>\n<p><strong>Renault RN0710\/0700<\/strong><\/p>\n<p><strong>MB 229,3<\/strong><\/p>\n<p><strong>VW 502.00\/505.00<\/strong><\/p>\n<\/div>\n","protected":false},"featured_media":2304,"comment_status":"open","ping_status":"closed","template":"","meta":{"site-sidebar-layout":"default","site-content-layout":"","ast-site-content-layout":"default","site-content-style":"default","site-sidebar-style":"default","ast-global-header-display":"","ast-banner-title-visibility":"","ast-main-header-display":"","ast-hfb-above-header-display":"","ast-hfb-below-header-display":"","ast-hfb-mobile-header-display":"","site-post-title":"","ast-breadcrumbs-content":"","ast-featured-img":"","footer-sml-layout":"","ast-disable-related-posts":"","theme-transparent-header-meta":"default","adv-header-id-meta":"","stick-header-meta":"","header-above-stick-meta":"","header-main-stick-meta":"","header-below-stick-meta":"","astra-migrate-meta-layouts":"set","ast-page-background-enabled":"default","ast-page-background-meta":{"desktop":{"background-color":"var(--ast-global-color-4)","background-image":"","background-repeat":"repeat","background-position":"center center","background-size":"auto","background-attachment":"scroll","background-type":"","background-media":"","overlay-type":"","overlay-color":"","overlay-opacity":"","overlay-gradient":""},"tablet":{"background-color":"","background-image":"","background-repeat":"repeat","background-position":"center center","background-size":"auto","background-attachment":"scroll","background-type":"","background-media":"","overlay-type":"","overlay-color":"","overlay-opacity":"","overlay-gradient":""},"mobile":{"background-color":"","background-image":"","background-repeat":"repeat","background-position":"center center","background-size":"auto","background-attachment":"scroll","background-type":"","background-media":"","overlay-type":"","overlay-color":"","overlay-opacity":"","overlay-gradient":""}},"ast-content-background-meta":{"desktop":{"background-color":"var(--ast-global-color-5)","background-image":"","background-repeat":"repeat","background-position":"center center","background-size":"auto","background-attachment":"scroll","background-type":"","background-media":"","overlay-type":"","overlay-color":"","overlay-opacity":"","overlay-gradient":""},"tablet":{"background-color":"var(--ast-global-color-5)","background-image":"","background-repeat":"repeat","background-position":"center center","background-size":"auto","background-attachment":"scroll","background-type":"","background-media":"","overlay-type":"","overlay-color":"","overlay-opacity":"","overlay-gradient":""},"mobile":{"background-color":"var(--ast-global-color-5)","background-image":"","background-repeat":"repeat","background-position":"center center","background-size":"auto","background-attachment":"scroll","background-type":"","background-media":"","overlay-type":"","overlay-color":"","overlay-opacity":"","overlay-gradient":""}}},"product_brand":[],"product_cat":[259],"product_tag":[358],"class_list":{"0":"post-2303","1":"product","2":"type-product","3":"status-publish","4":"has-post-thumbnail","6":"product_cat-lubricacion","7":"product_tag-10w-40-1yacco","8":"desktop-align-left","9":"tablet-align-left","10":"mobile-align-left","12":"first","13":"instock","14":"shipping-taxable","15":"purchasable","16":"product-type-simple"},"yoast_head":"<!-- This site is optimized with the Yoast SEO plugin v27.5 - https:\/\/yoast.com\/product\/yoast-seo-wordpress\/ -->\n<title>Aceite de Motor Yacco VX Premium - VX 500 10W40 2 LITROS-Full Sintetico Frances - Repuestos CDL Express<\/title>\n<meta name=\"description\" content=\"Aceite de Motor Yacco VX Premium - VX 500 10W40 2 LITROS-Full Sintetico Frances\" \/>\n<meta name=\"robots\" content=\"index, follow, max-snippet:-1, max-image-preview:large, max-video-preview:-1\" \/>\n<link rel=\"canonical\" href=\"https:\/\/repuestoscdlexpress.cl\/?product=aceite-de-motor-yacco-vx-premium-vx-500-10w40-2-litros-full-sintetico-frances\" \/>\n<meta property=\"og:locale\" content=\"es_ES\" \/>\n<meta property=\"og:type\" content=\"article\" \/>\n<meta property=\"og:title\" content=\"Aceite de Motor Yacco VX Premium - VX 500 10W40 2 LITROS-Full Sintetico Frances - Repuestos CDL Express\" \/>\n<meta property=\"og:description\" content=\"Aceite de Motor Yacco VX Premium - VX 500 10W40 2 LITROS-Full Sintetico Frances\" \/>\n<meta property=\"og:url\" content=\"https:\/\/repuestoscdlexpress.cl\/?product=aceite-de-motor-yacco-vx-premium-vx-500-10w40-2-litros-full-sintetico-frances\" \/>\n<meta property=\"og:site_name\" content=\"Repuestos CDL Express\" \/>\n<meta property=\"article:modified_time\" content=\"2024-06-06T15:20:05+00:00\" \/>\n<meta property=\"og:image\" content=\"https:\/\/repuestoscdlexpress.cl\/wp-content\/uploads\/2024\/06\/yacco-10w40-premium-2-ltrs.jpeg\" \/>\n\t<meta property=\"og:image:width\" content=\"259\" \/>\n\t<meta property=\"og:image:height\" content=\"389\" \/>\n\t<meta property=\"og:image:type\" content=\"image\/jpeg\" \/>\n<meta name=\"twitter:card\" content=\"summary_large_image\" \/>\n<meta name=\"twitter:label1\" content=\"Tiempo de lectura\" \/>\n\t<meta name=\"twitter:data1\" content=\"2 minutos\" \/>\n<script type=\"application\/ld+json\" class=\"yoast-schema-graph\">{\"@context\":\"https:\\\/\\\/schema.org\",\"@graph\":[{\"@type\":\"WebPage\",\"@id\":\"https:\\\/\\\/repuestoscdlexpress.cl\\\/?product=aceite-de-motor-yacco-vx-premium-vx-500-10w40-2-litros-full-sintetico-frances\",\"url\":\"https:\\\/\\\/repuestoscdlexpress.cl\\\/?product=aceite-de-motor-yacco-vx-premium-vx-500-10w40-2-litros-full-sintetico-frances\",\"name\":\"Aceite de Motor Yacco VX Premium - VX 500 10W40 2 LITROS-Full Sintetico Frances - Repuestos CDL Express\",\"isPartOf\":{\"@id\":\"https:\\\/\\\/repuestoscdlexpress.cl\\\/#website\"},\"primaryImageOfPage\":{\"@id\":\"https:\\\/\\\/repuestoscdlexpress.cl\\\/?product=aceite-de-motor-yacco-vx-premium-vx-500-10w40-2-litros-full-sintetico-frances#primaryimage\"},\"image\":{\"@id\":\"https:\\\/\\\/repuestoscdlexpress.cl\\\/?product=aceite-de-motor-yacco-vx-premium-vx-500-10w40-2-litros-full-sintetico-frances#primaryimage\"},\"thumbnailUrl\":\"https:\\\/\\\/repuestoscdlexpress.cl\\\/wp-content\\\/uploads\\\/2024\\\/06\\\/yacco-10w40-premium-2-ltrs.jpeg\",\"datePublished\":\"2024-06-06T15:20:00+00:00\",\"dateModified\":\"2024-06-06T15:20:05+00:00\",\"description\":\"Aceite de Motor Yacco VX Premium - VX 500 10W40 2 LITROS-Full Sintetico Frances\",\"breadcrumb\":{\"@id\":\"https:\\\/\\\/repuestoscdlexpress.cl\\\/?product=aceite-de-motor-yacco-vx-premium-vx-500-10w40-2-litros-full-sintetico-frances#breadcrumb\"},\"inLanguage\":\"es\",\"potentialAction\":[{\"@type\":\"ReadAction\",\"target\":[\"https:\\\/\\\/repuestoscdlexpress.cl\\\/?product=aceite-de-motor-yacco-vx-premium-vx-500-10w40-2-litros-full-sintetico-frances\"]}]},{\"@type\":\"ImageObject\",\"inLanguage\":\"es\",\"@id\":\"https:\\\/\\\/repuestoscdlexpress.cl\\\/?product=aceite-de-motor-yacco-vx-premium-vx-500-10w40-2-litros-full-sintetico-frances#primaryimage\",\"url\":\"https:\\\/\\\/repuestoscdlexpress.cl\\\/wp-content\\\/uploads\\\/2024\\\/06\\\/yacco-10w40-premium-2-ltrs.jpeg\",\"contentUrl\":\"https:\\\/\\\/repuestoscdlexpress.cl\\\/wp-content\\\/uploads\\\/2024\\\/06\\\/yacco-10w40-premium-2-ltrs.jpeg\",\"width\":259,\"height\":389},{\"@type\":\"BreadcrumbList\",\"@id\":\"https:\\\/\\\/repuestoscdlexpress.cl\\\/?product=aceite-de-motor-yacco-vx-premium-vx-500-10w40-2-litros-full-sintetico-frances#breadcrumb\",\"itemListElement\":[{\"@type\":\"ListItem\",\"position\":1,\"name\":\"Portada\",\"item\":\"https:\\\/\\\/repuestoscdlexpress.cl\\\/\"},{\"@type\":\"ListItem\",\"position\":2,\"name\":\"Tienda\",\"item\":\"https:\\\/\\\/repuestoscdlexpress.cl\\\/?page_id=7\"},{\"@type\":\"ListItem\",\"position\":3,\"name\":\"Aceite de Motor Yacco VX Premium &#8211; VX 500 10W40 2 LITROS-Full Sintetico Frances\"}]},{\"@type\":\"WebSite\",\"@id\":\"https:\\\/\\\/repuestoscdlexpress.cl\\\/#website\",\"url\":\"https:\\\/\\\/repuestoscdlexpress.cl\\\/\",\"name\":\"Repuestos CDL Express\",\"description\":\"Repuestos para veh\u00edculos\",\"publisher\":{\"@id\":\"https:\\\/\\\/repuestoscdlexpress.cl\\\/#organization\"},\"alternateName\":\"Repuestos CDL\",\"potentialAction\":[{\"@type\":\"SearchAction\",\"target\":{\"@type\":\"EntryPoint\",\"urlTemplate\":\"https:\\\/\\\/repuestoscdlexpress.cl\\\/?s={search_term_string}\"},\"query-input\":{\"@type\":\"PropertyValueSpecification\",\"valueRequired\":true,\"valueName\":\"search_term_string\"}}],\"inLanguage\":\"es\"},{\"@type\":\"Organization\",\"@id\":\"https:\\\/\\\/repuestoscdlexpress.cl\\\/#organization\",\"name\":\"Repuestos CDL Express\",\"url\":\"https:\\\/\\\/repuestoscdlexpress.cl\\\/\",\"logo\":{\"@type\":\"ImageObject\",\"inLanguage\":\"es\",\"@id\":\"https:\\\/\\\/repuestoscdlexpress.cl\\\/#\\\/schema\\\/logo\\\/image\\\/\",\"url\":\"https:\\\/\\\/repuestoscdlexpress.cl\\\/wp-content\\\/uploads\\\/2024\\\/03\\\/cropped-WhatsApp-Image-2024-03-20-at-14.59.09-1.jpeg\",\"contentUrl\":\"https:\\\/\\\/repuestoscdlexpress.cl\\\/wp-content\\\/uploads\\\/2024\\\/03\\\/cropped-WhatsApp-Image-2024-03-20-at-14.59.09-1.jpeg\",\"width\":804,\"height\":284,\"caption\":\"Repuestos CDL Express\"},\"image\":{\"@id\":\"https:\\\/\\\/repuestoscdlexpress.cl\\\/#\\\/schema\\\/logo\\\/image\\\/\"},\"sameAs\":[\"https:\\\/\\\/www.instagram.com\\\/repuestoscdlexpress\\\/\"]}]}<\/script>\n<!-- \/ Yoast SEO plugin. -->","yoast_head_json":{"title":"Aceite de Motor Yacco VX Premium - VX 500 10W40 2 LITROS-Full Sintetico Frances - Repuestos CDL Express","description":"Aceite de Motor Yacco VX Premium - VX 500 10W40 2 LITROS-Full Sintetico Frances","robots":{"index":"index","follow":"follow","max-snippet":"max-snippet:-1","max-image-preview":"max-image-preview:large","max-video-preview":"max-video-preview:-1"},"canonical":"https:\/\/repuestoscdlexpress.cl\/?product=aceite-de-motor-yacco-vx-premium-vx-500-10w40-2-litros-full-sintetico-frances","og_locale":"es_ES","og_type":"article","og_title":"Aceite de Motor Yacco VX Premium - VX 500 10W40 2 LITROS-Full Sintetico Frances - Repuestos CDL Express","og_description":"Aceite de Motor Yacco VX Premium - VX 500 10W40 2 LITROS-Full Sintetico Frances","og_url":"https:\/\/repuestoscdlexpress.cl\/?product=aceite-de-motor-yacco-vx-premium-vx-500-10w40-2-litros-full-sintetico-frances","og_site_name":"Repuestos CDL Express","article_modified_time":"2024-06-06T15:20:05+00:00","og_image":[{"width":259,"height":389,"url":"https:\/\/repuestoscdlexpress.cl\/wp-content\/uploads\/2024\/06\/yacco-10w40-premium-2-ltrs.jpeg","type":"image\/jpeg"}],"twitter_card":"summary_large_image","twitter_misc":{"Tiempo de lectura":"2 minutos"},"schema":{"@context":"https:\/\/schema.org","@graph":[{"@type":"WebPage","@id":"https:\/\/repuestoscdlexpress.cl\/?product=aceite-de-motor-yacco-vx-premium-vx-500-10w40-2-litros-full-sintetico-frances","url":"https:\/\/repuestoscdlexpress.cl\/?product=aceite-de-motor-yacco-vx-premium-vx-500-10w40-2-litros-full-sintetico-frances","name":"Aceite de Motor Yacco VX Premium - VX 500 10W40 2 LITROS-Full Sintetico Frances - Repuestos CDL Express","isPartOf":{"@id":"https:\/\/repuestoscdlexpress.cl\/#website"},"primaryImageOfPage":{"@id":"https:\/\/repuestoscdlexpress.cl\/?product=aceite-de-motor-yacco-vx-premium-vx-500-10w40-2-litros-full-sintetico-frances#primaryimage"},"image":{"@id":"https:\/\/repuestoscdlexpress.cl\/?product=aceite-de-motor-yacco-vx-premium-vx-500-10w40-2-litros-full-sintetico-frances#primaryimage"},"thumbnailUrl":"https:\/\/repuestoscdlexpress.cl\/wp-content\/uploads\/2024\/06\/yacco-10w40-premium-2-ltrs.jpeg","datePublished":"2024-06-06T15:20:00+00:00","dateModified":"2024-06-06T15:20:05+00:00","description":"Aceite de Motor Yacco VX Premium - VX 500 10W40 2 LITROS-Full Sintetico Frances","breadcrumb":{"@id":"https:\/\/repuestoscdlexpress.cl\/?product=aceite-de-motor-yacco-vx-premium-vx-500-10w40-2-litros-full-sintetico-frances#breadcrumb"},"inLanguage":"es","potentialAction":[{"@type":"ReadAction","target":["https:\/\/repuestoscdlexpress.cl\/?product=aceite-de-motor-yacco-vx-premium-vx-500-10w40-2-litros-full-sintetico-frances"]}]},{"@type":"ImageObject","inLanguage":"es","@id":"https:\/\/repuestoscdlexpress.cl\/?product=aceite-de-motor-yacco-vx-premium-vx-500-10w40-2-litros-full-sintetico-frances#primaryimage","url":"https:\/\/repuestoscdlexpress.cl\/wp-content\/uploads\/2024\/06\/yacco-10w40-premium-2-ltrs.jpeg","contentUrl":"https:\/\/repuestoscdlexpress.cl\/wp-content\/uploads\/2024\/06\/yacco-10w40-premium-2-ltrs.jpeg","width":259,"height":389},{"@type":"BreadcrumbList","@id":"https:\/\/repuestoscdlexpress.cl\/?product=aceite-de-motor-yacco-vx-premium-vx-500-10w40-2-litros-full-sintetico-frances#breadcrumb","itemListElement":[{"@type":"ListItem","position":1,"name":"Portada","item":"https:\/\/repuestoscdlexpress.cl\/"},{"@type":"ListItem","position":2,"name":"Tienda","item":"https:\/\/repuestoscdlexpress.cl\/?page_id=7"},{"@type":"ListItem","position":3,"name":"Aceite de Motor Yacco VX Premium &#8211; VX 500 10W40 2 LITROS-Full Sintetico Frances"}]},{"@type":"WebSite","@id":"https:\/\/repuestoscdlexpress.cl\/#website","url":"https:\/\/repuestoscdlexpress.cl\/","name":"Repuestos CDL Express","description":"Repuestos para veh\u00edculos","publisher":{"@id":"https:\/\/repuestoscdlexpress.cl\/#organization"},"alternateName":"Repuestos CDL","potentialAction":[{"@type":"SearchAction","target":{"@type":"EntryPoint","urlTemplate":"https:\/\/repuestoscdlexpress.cl\/?s={search_term_string}"},"query-input":{"@type":"PropertyValueSpecification","valueRequired":true,"valueName":"search_term_string"}}],"inLanguage":"es"},{"@type":"Organization","@id":"https:\/\/repuestoscdlexpress.cl\/#organization","name":"Repuestos CDL Express","url":"https:\/\/repuestoscdlexpress.cl\/","logo":{"@type":"ImageObject","inLanguage":"es","@id":"https:\/\/repuestoscdlexpress.cl\/#\/schema\/logo\/image\/","url":"https:\/\/repuestoscdlexpress.cl\/wp-content\/uploads\/2024\/03\/cropped-WhatsApp-Image-2024-03-20-at-14.59.09-1.jpeg","contentUrl":"https:\/\/repuestoscdlexpress.cl\/wp-content\/uploads\/2024\/03\/cropped-WhatsApp-Image-2024-03-20-at-14.59.09-1.jpeg","width":804,"height":284,"caption":"Repuestos CDL Express"},"image":{"@id":"https:\/\/repuestoscdlexpress.cl\/#\/schema\/logo\/image\/"},"sameAs":["https:\/\/www.instagram.com\/repuestoscdlexpress\/"]}]}},"_links":{"self":[{"href":"https:\/\/repuestoscdlexpress.cl\/index.php?rest_route=\/wp\/v2\/product\/2303","targetHints":{"allow":["GET"]}}],"collection":[{"href":"https:\/\/repuestoscdlexpress.cl\/index.php?rest_route=\/wp\/v2\/product"}],"about":[{"href":"https:\/\/repuestoscdlexpress.cl\/index.php?rest_route=\/wp\/v2\/types\/product"}],"replies":[{"embeddable":true,"href":"https:\/\/repuestoscdlexpress.cl\/index.php?rest_route=%2Fwp%2Fv2%2Fcomments&post=2303"}],"wp:featuredmedia":[{"embeddable":true,"href":"https:\/\/repuestoscdlexpress.cl\/index.php?rest_route=\/wp\/v2\/media\/2304"}],"wp:attachment":[{"href":"https:\/\/repuestoscdlexpress.cl\/index.php?rest_route=%2Fwp%2Fv2%2Fmedia&parent=2303"}],"wp:term":[{"taxonomy":"product_brand","embeddable":true,"href":"https:\/\/repuestoscdlexpress.cl\/index.php?rest_route=%2Fwp%2Fv2%2Fproduct_brand&post=2303"},{"taxonomy":"product_cat","embeddable":true,"href":"https:\/\/repuestoscdlexpress.cl\/index.php?rest_route=%2Fwp%2Fv2%2Fproduct_cat&post=2303"},{"taxonomy":"product_tag","embeddable":true,"href":"https:\/\/repuestoscdlexpress.cl\/index.php?rest_route=%2Fwp%2Fv2%2Fproduct_tag&post=2303"}],"curies":[{"name":"wp","href":"https:\/\/api.w.org\/{rel}","templated":true}]}}