{"id":1846,"date":"2024-04-18T16:20:20","date_gmt":"2024-04-18T16:20:20","guid":{"rendered":"https:\/\/repuestoscdlexpress.cl\/?post_type=product&#038;p=1846"},"modified":"2024-04-19T16:09:20","modified_gmt":"2024-04-19T16:09:20","slug":"oem-1444-86","status":"publish","type":"product","link":"https:\/\/repuestoscdlexpress.cl\/?product=oem-1444-86","title":{"rendered":"Filtro de aire Peugeot 306,405 1.8 OEM:1444-86"},"content":{"rendered":"<p>Filtro de aire Peugeot &#8211; Citroen OEM:1444-86<\/p>\n<div class=\"product-block__description-title\"><\/div>\n<p>&nbsp;<\/p>\n<ul id=\"maker-88\" class=\"product-info-block__item-list\" data-accordion-content=\"\">\n<li class=\"product-info-block__item-list__item\" data-accordion=\"\" data-accordion-scroll=\"\"><span class=\"product-info-block__item-list__title\" data-accordion-toggle=\"\" data-toggle-model=\"\" data-article-id=\"7156444\" data-target=\"#model-88-264\" data-maker-id=\"88\" data-model-id=\"264\">PEUGEOT 306 Hatchback (A\u00f1o 01.1993 &#8211; 10.2003)<\/span><\/li>\n<li class=\"product-info-block__item-list__item\" data-accordion=\"\" data-accordion-scroll=\"\"><span class=\"product-info-block__item-list__title\" data-accordion-toggle=\"\" data-toggle-model=\"\" data-article-id=\"7156444\" data-target=\"#model-88-269\" data-maker-id=\"88\" data-model-id=\"269\">PEUGEOT 306 Cabrio (A\u00f1o 01.1994 &#8211; 04.2002)<\/span><\/li>\n<li class=\"product-info-block__item-list__item\" data-accordion=\"\" data-accordion-scroll=\"\"><span class=\"product-info-block__item-list__title\" data-accordion-toggle=\"\" data-toggle-model=\"\" data-article-id=\"7156444\" data-target=\"#model-88-273\" data-maker-id=\"88\" data-model-id=\"273\">PEUGEOT 306 Berlina (A\u00f1o 04.1993 &#8211; 10.2003)<\/span><\/li>\n<li class=\"product-info-block__item-list__item\" data-accordion=\"\" data-accordion-scroll=\"\"><span class=\"product-info-block__item-list__title\" data-accordion-toggle=\"\" data-toggle-model=\"\" data-article-id=\"7156444\" data-target=\"#model-88-392\" data-maker-id=\"88\" data-model-id=\"392\">PEUGEOT 405 II Familiar (4E) (A\u00f1o 08.1992 &#8211; 10.1998)<\/span><\/li>\n<li class=\"product-info-block__item-list__item\" data-accordion=\"\" data-accordion-scroll=\"\"><span class=\"product-info-block__item-list__title\" data-accordion-toggle=\"\" data-toggle-model=\"\" data-article-id=\"7156444\" data-target=\"#model-88-400\" data-maker-id=\"88\" data-model-id=\"400\">PEUGEOT 405 II Berlina (4B) (A\u00f1o 01.1992 &#8211; 11.1999)<\/span><\/li>\n<li class=\"product-info-block__item-list__item\" data-accordion=\"\" data-accordion-scroll=\"\"><span class=\"product-info-block__item-list__title\" data-accordion-toggle=\"\" data-toggle-model=\"\" data-article-id=\"7156444\" data-target=\"#model-88-1477\" data-maker-id=\"88\" data-model-id=\"1477\">PEUGEOT 406 Berlina (A\u00f1o 10.1995 &#8211; 01.2005)<\/span><\/li>\n<li class=\"product-info-block__item-list__item\" data-accordion=\"\" data-accordion-scroll=\"\"><span class=\"product-info-block__item-list__title\" data-accordion-toggle=\"\" data-toggle-model=\"\" data-article-id=\"7156444\" data-target=\"#model-88-1901\" data-maker-id=\"88\" data-model-id=\"1901\">PEUGEOT 406 Familiar (A\u00f1o 10.1996 &#8211; 10.2004)<\/span><\/li>\n<li class=\"product-info-block__item-list__item\" data-accordion=\"\" data-accordion-scroll=\"\"><span class=\"product-info-block__item-list__title\" data-accordion-toggle=\"\" data-toggle-model=\"\" data-article-id=\"7156444\" data-target=\"#model-88-1961\" data-maker-id=\"88\" data-model-id=\"1961\">PEUGEOT Partner I Combispace (A\u00f1o 05.1996 &#8211; 12.2015)<\/span><\/li>\n<li class=\"product-info-block__item-list__item\" data-accordion=\"\" data-accordion-scroll=\"\"><span class=\"product-info-block__item-list__title\" data-accordion-toggle=\"\" data-toggle-model=\"\" data-article-id=\"7156444\" data-target=\"#model-88-3921\" data-maker-id=\"88\" data-model-id=\"3921\">PEUGEOT 306 Familiar (A\u00f1o 06.1994 &#8211; 04.2002)<\/span><\/li>\n<\/ul>\n<p>&nbsp;<\/p>\n<ul id=\"maker-21\" class=\"product-info-block__item-list\" data-accordion-content=\"\">\n<li class=\"product-info-block__item-list__item\" data-accordion=\"\" data-accordion-scroll=\"\"><span class=\"product-info-block__item-list__title\" data-accordion-toggle=\"\" data-toggle-model=\"\" data-article-id=\"7156444\" data-target=\"#model-21-76\" data-maker-id=\"21\" data-model-id=\"76\">CITRO\u00cbN Xantia Hatchback (X1, X2) (A\u00f1o 03.1993 &#8211; 07.1999)<\/span><\/li>\n<li class=\"product-info-block__item-list__item\" data-accordion=\"\" data-accordion-scroll=\"\"><span class=\"product-info-block__item-list__title\" data-accordion-toggle=\"\" data-toggle-model=\"\" data-article-id=\"7156444\" data-target=\"#model-21-153\" data-maker-id=\"21\" data-model-id=\"153\">CITRO\u00cbN ZX Hatchback (N2) (A\u00f1o 03.1991 &#8211; 07.1999)<\/span><\/li>\n<li class=\"product-info-block__item-list__item\" data-accordion=\"\" data-accordion-scroll=\"\"><span class=\"product-info-block__item-list__title\" data-accordion-toggle=\"\" data-toggle-model=\"\" data-article-id=\"7156444\" data-target=\"#model-21-1457\" data-maker-id=\"21\" data-model-id=\"1457\">CITRO\u00cbN Xantia Familiar (X1, X2) (A\u00f1o 06.1995 &#8211; 01.1998)<\/span><\/li>\n<li class=\"product-info-block__item-list__item\" data-accordion=\"\" data-accordion-scroll=\"\"><span class=\"product-info-block__item-list__title\" data-accordion-toggle=\"\" data-toggle-model=\"\" data-article-id=\"7156444\" data-target=\"#model-21-1553\" data-maker-id=\"21\" data-model-id=\"1553\">CITRO\u00cbN Berlingo \/ Berlingo First I Furg\u00f3n (M) (A\u00f1o 07.1996 &#8211; 12.2011)<\/span><\/li>\n<li class=\"product-info-block__item-list__item\" data-accordion=\"\" data-accordion-scroll=\"\"><span class=\"product-info-block__item-list__title\" data-accordion-toggle=\"\" data-toggle-model=\"\" data-article-id=\"7156444\" data-target=\"#model-21-1567\" data-maker-id=\"21\" data-model-id=\"1567\">CITRO\u00cbN Berlingo \/ Berlingo First I (MF, GJK, GFK) (A\u00f1o 07.1996 &#8211; 12.2011)<\/span><\/li>\n<li class=\"product-info-block__item-list__item\" data-accordion=\"\" data-accordion-scroll=\"\"><span class=\"product-info-block__item-list__title\" data-accordion-toggle=\"\" data-toggle-model=\"\" data-article-id=\"7156444\" data-target=\"#model-21-2042\" data-maker-id=\"21\" data-model-id=\"2042\">CITRO\u00cbN Xsara Hatchback (N1) (A\u00f1o 04.1997 &#8211; 12.2005)<\/span><\/li>\n<li class=\"product-info-block__item-list__item\" data-accordion=\"\" data-accordion-scroll=\"\"><span class=\"product-info-block__item-list__title\" data-accordion-toggle=\"\" data-toggle-model=\"\" data-article-id=\"7156444\" data-target=\"#model-21-3392\" data-maker-id=\"21\" data-model-id=\"3392\">CITRO\u00cbN Xsara Familiar (N2) (A\u00f1o 10.1997 &#8211; 03.2010)<\/span><\/li>\n<li class=\"product-info-block__item-list__item\" data-accordion=\"\" data-accordion-scroll=\"\"><span class=\"product-info-block__item-list__title\" data-accordion-toggle=\"\" data-toggle-model=\"\" data-article-id=\"7156444\" data-target=\"#model-21-3433\" data-maker-id=\"21\" data-model-id=\"3433\">CITRO\u00cbN Xsara Coup\u00e9 (N0) (A\u00f1o 01.1998 &#8211; 04.2005)<\/span><\/li>\n<li class=\"product-info-block__item-list__item\" data-accordion=\"\" data-accordion-scroll=\"\"><span class=\"product-info-block__item-list__title\" data-accordion-toggle=\"\" data-toggle-model=\"\" data-article-id=\"7156444\" data-target=\"#model-21-3469\" data-maker-id=\"21\" data-model-id=\"3469\">CITRO\u00cbN ZX Familiar (N2) (A\u00f1o 10.1993 &#8211; 07.1999)<\/span><\/li>\n<\/ul>\n<p>&nbsp;<\/p>\n","protected":false},"excerpt":{"rendered":"<div class=\"product-block__description-title\">\u00a0<strong>\u00a0 \u00a0 \u00a0 \u00a0 \u00a0 \u00a0DIMENSIONES<\/strong><\/div>\n<div class=\"product-description\" data-show-more=\"\" data-show-elements=\"\" data-media-all=\"10\">\n<div class=\"product-description__info\" data-show-text=\"\">\n<ul class=\"product-description__list\">\n<li class=\"product-description__item\" data-show-elements-item=\"\"><strong><span class=\"product-description__item-title\">Longitud [mm]:<\/span><span class=\"product-description__item-value\">297<\/span><\/strong><\/li>\n<li class=\"product-description__item\" data-show-elements-item=\"\"><strong><span class=\"product-description__item-title\">Ancho [mm]:<\/span><span class=\"product-description__item-value\">102<\/span><\/strong><\/li>\n<li class=\"product-description__item\" data-show-elements-item=\"\"><strong><span class=\"product-description__item-title\">Altura [mm]:<\/span><span class=\"product-description__item-value\">51<\/span><\/strong><\/li>\n<\/ul>\n<\/div>\n<\/div>\n","protected":false},"featured_media":1847,"comment_status":"open","ping_status":"closed","template":"","meta":{"site-sidebar-layout":"default","site-content-layout":"","ast-site-content-layout":"default","site-content-style":"default","site-sidebar-style":"default","ast-global-header-display":"","ast-banner-title-visibility":"","ast-main-header-display":"","ast-hfb-above-header-display":"","ast-hfb-below-header-display":"","ast-hfb-mobile-header-display":"","site-post-title":"","ast-breadcrumbs-content":"","ast-featured-img":"","footer-sml-layout":"","ast-disable-related-posts":"","theme-transparent-header-meta":"default","adv-header-id-meta":"","stick-header-meta":"","header-above-stick-meta":"","header-main-stick-meta":"","header-below-stick-meta":"","astra-migrate-meta-layouts":"set","ast-page-background-enabled":"default","ast-page-background-meta":{"desktop":{"background-color":"var(--ast-global-color-4)","background-image":"","background-repeat":"repeat","background-position":"center center","background-size":"auto","background-attachment":"scroll","background-type":"","background-media":"","overlay-type":"","overlay-color":"","overlay-opacity":"","overlay-gradient":""},"tablet":{"background-color":"","background-image":"","background-repeat":"repeat","background-position":"center center","background-size":"auto","background-attachment":"scroll","background-type":"","background-media":"","overlay-type":"","overlay-color":"","overlay-opacity":"","overlay-gradient":""},"mobile":{"background-color":"","background-image":"","background-repeat":"repeat","background-position":"center center","background-size":"auto","background-attachment":"scroll","background-type":"","background-media":"","overlay-type":"","overlay-color":"","overlay-opacity":"","overlay-gradient":""}},"ast-content-background-meta":{"desktop":{"background-color":"var(--ast-global-color-5)","background-image":"","background-repeat":"repeat","background-position":"center center","background-size":"auto","background-attachment":"scroll","background-type":"","background-media":"","overlay-type":"","overlay-color":"","overlay-opacity":"","overlay-gradient":""},"tablet":{"background-color":"var(--ast-global-color-5)","background-image":"","background-repeat":"repeat","background-position":"center center","background-size":"auto","background-attachment":"scroll","background-type":"","background-media":"","overlay-type":"","overlay-color":"","overlay-opacity":"","overlay-gradient":""},"mobile":{"background-color":"var(--ast-global-color-5)","background-image":"","background-repeat":"repeat","background-position":"center center","background-size":"auto","background-attachment":"scroll","background-type":"","background-media":"","overlay-type":"","overlay-color":"","overlay-opacity":"","overlay-gradient":""}}},"product_brand":[],"product_cat":[123,101],"product_tag":[141],"class_list":{"0":"post-1846","1":"product","2":"type-product","3":"status-publish","4":"has-post-thumbnail","6":"product_cat-filtro","7":"product_cat-filtros","8":"product_tag-filtro-de-aire-1444-86","9":"desktop-align-left","10":"tablet-align-left","11":"mobile-align-left","13":"first","14":"instock","15":"shipping-taxable","16":"purchasable","17":"product-type-simple"},"yoast_head":"<!-- This site is optimized with the Yoast SEO plugin v27.5 - https:\/\/yoast.com\/product\/yoast-seo-wordpress\/ -->\n<title>Filtro de aire Peugeot 306,405 1.8 OEM:1444-86 - Repuestos CDL Express<\/title>\n<meta name=\"robots\" content=\"index, follow, max-snippet:-1, max-image-preview:large, max-video-preview:-1\" \/>\n<link rel=\"canonical\" href=\"https:\/\/repuestoscdlexpress.cl\/?product=oem-1444-86\" \/>\n<meta property=\"og:locale\" content=\"es_ES\" \/>\n<meta property=\"og:type\" content=\"article\" \/>\n<meta property=\"og:title\" content=\"Filtro de aire Peugeot 306,405 1.8 OEM:1444-86 - Repuestos CDL Express\" \/>\n<meta property=\"og:description\" content=\"\u00a0\u00a0 \u00a0 \u00a0 \u00a0 \u00a0 \u00a0DIMENSIONES     Longitud [mm]:297  Ancho [mm]:102  Altura [mm]:51\" \/>\n<meta property=\"og:url\" content=\"https:\/\/repuestoscdlexpress.cl\/?product=oem-1444-86\" \/>\n<meta property=\"og:site_name\" content=\"Repuestos CDL Express\" \/>\n<meta property=\"article:modified_time\" content=\"2024-04-19T16:09:20+00:00\" \/>\n<meta property=\"og:image\" content=\"https:\/\/repuestoscdlexpress.cl\/wp-content\/uploads\/2024\/04\/filtro-de-aire-1444-86-1.jpg\" \/>\n\t<meta property=\"og:image:width\" content=\"600\" \/>\n\t<meta property=\"og:image:height\" content=\"600\" \/>\n\t<meta property=\"og:image:type\" content=\"image\/jpeg\" \/>\n<meta name=\"twitter:card\" content=\"summary_large_image\" \/>\n<meta name=\"twitter:label1\" content=\"Tiempo de lectura\" \/>\n\t<meta name=\"twitter:data1\" content=\"1 minuto\" \/>\n<script type=\"application\/ld+json\" class=\"yoast-schema-graph\">{\"@context\":\"https:\\\/\\\/schema.org\",\"@graph\":[{\"@type\":\"WebPage\",\"@id\":\"https:\\\/\\\/repuestoscdlexpress.cl\\\/?product=oem-1444-86\",\"url\":\"https:\\\/\\\/repuestoscdlexpress.cl\\\/?product=oem-1444-86\",\"name\":\"Filtro de aire Peugeot 306,405 1.8 OEM:1444-86 - Repuestos CDL Express\",\"isPartOf\":{\"@id\":\"https:\\\/\\\/repuestoscdlexpress.cl\\\/#website\"},\"primaryImageOfPage\":{\"@id\":\"https:\\\/\\\/repuestoscdlexpress.cl\\\/?product=oem-1444-86#primaryimage\"},\"image\":{\"@id\":\"https:\\\/\\\/repuestoscdlexpress.cl\\\/?product=oem-1444-86#primaryimage\"},\"thumbnailUrl\":\"https:\\\/\\\/repuestoscdlexpress.cl\\\/wp-content\\\/uploads\\\/2024\\\/04\\\/filtro-de-aire-1444-86-1.jpg\",\"datePublished\":\"2024-04-18T16:20:20+00:00\",\"dateModified\":\"2024-04-19T16:09:20+00:00\",\"breadcrumb\":{\"@id\":\"https:\\\/\\\/repuestoscdlexpress.cl\\\/?product=oem-1444-86#breadcrumb\"},\"inLanguage\":\"es\",\"potentialAction\":[{\"@type\":\"ReadAction\",\"target\":[\"https:\\\/\\\/repuestoscdlexpress.cl\\\/?product=oem-1444-86\"]}]},{\"@type\":\"ImageObject\",\"inLanguage\":\"es\",\"@id\":\"https:\\\/\\\/repuestoscdlexpress.cl\\\/?product=oem-1444-86#primaryimage\",\"url\":\"https:\\\/\\\/repuestoscdlexpress.cl\\\/wp-content\\\/uploads\\\/2024\\\/04\\\/filtro-de-aire-1444-86-1.jpg\",\"contentUrl\":\"https:\\\/\\\/repuestoscdlexpress.cl\\\/wp-content\\\/uploads\\\/2024\\\/04\\\/filtro-de-aire-1444-86-1.jpg\",\"width\":600,\"height\":600},{\"@type\":\"BreadcrumbList\",\"@id\":\"https:\\\/\\\/repuestoscdlexpress.cl\\\/?product=oem-1444-86#breadcrumb\",\"itemListElement\":[{\"@type\":\"ListItem\",\"position\":1,\"name\":\"Portada\",\"item\":\"https:\\\/\\\/repuestoscdlexpress.cl\\\/\"},{\"@type\":\"ListItem\",\"position\":2,\"name\":\"Tienda\",\"item\":\"https:\\\/\\\/repuestoscdlexpress.cl\\\/?page_id=7\"},{\"@type\":\"ListItem\",\"position\":3,\"name\":\"Filtro de aire Peugeot 306,405 1.8 OEM:1444-86\"}]},{\"@type\":\"WebSite\",\"@id\":\"https:\\\/\\\/repuestoscdlexpress.cl\\\/#website\",\"url\":\"https:\\\/\\\/repuestoscdlexpress.cl\\\/\",\"name\":\"Repuestos CDL Express\",\"description\":\"Repuestos para veh\u00edculos\",\"publisher\":{\"@id\":\"https:\\\/\\\/repuestoscdlexpress.cl\\\/#organization\"},\"alternateName\":\"Repuestos CDL\",\"potentialAction\":[{\"@type\":\"SearchAction\",\"target\":{\"@type\":\"EntryPoint\",\"urlTemplate\":\"https:\\\/\\\/repuestoscdlexpress.cl\\\/?s={search_term_string}\"},\"query-input\":{\"@type\":\"PropertyValueSpecification\",\"valueRequired\":true,\"valueName\":\"search_term_string\"}}],\"inLanguage\":\"es\"},{\"@type\":\"Organization\",\"@id\":\"https:\\\/\\\/repuestoscdlexpress.cl\\\/#organization\",\"name\":\"Repuestos CDL Express\",\"url\":\"https:\\\/\\\/repuestoscdlexpress.cl\\\/\",\"logo\":{\"@type\":\"ImageObject\",\"inLanguage\":\"es\",\"@id\":\"https:\\\/\\\/repuestoscdlexpress.cl\\\/#\\\/schema\\\/logo\\\/image\\\/\",\"url\":\"https:\\\/\\\/repuestoscdlexpress.cl\\\/wp-content\\\/uploads\\\/2024\\\/03\\\/cropped-WhatsApp-Image-2024-03-20-at-14.59.09-1.jpeg\",\"contentUrl\":\"https:\\\/\\\/repuestoscdlexpress.cl\\\/wp-content\\\/uploads\\\/2024\\\/03\\\/cropped-WhatsApp-Image-2024-03-20-at-14.59.09-1.jpeg\",\"width\":804,\"height\":284,\"caption\":\"Repuestos CDL Express\"},\"image\":{\"@id\":\"https:\\\/\\\/repuestoscdlexpress.cl\\\/#\\\/schema\\\/logo\\\/image\\\/\"},\"sameAs\":[\"https:\\\/\\\/www.instagram.com\\\/repuestoscdlexpress\\\/\"]}]}<\/script>\n<!-- \/ Yoast SEO plugin. -->","yoast_head_json":{"title":"Filtro de aire Peugeot 306,405 1.8 OEM:1444-86 - Repuestos CDL Express","robots":{"index":"index","follow":"follow","max-snippet":"max-snippet:-1","max-image-preview":"max-image-preview:large","max-video-preview":"max-video-preview:-1"},"canonical":"https:\/\/repuestoscdlexpress.cl\/?product=oem-1444-86","og_locale":"es_ES","og_type":"article","og_title":"Filtro de aire Peugeot 306,405 1.8 OEM:1444-86 - Repuestos CDL Express","og_description":"\u00a0\u00a0 \u00a0 \u00a0 \u00a0 \u00a0 \u00a0DIMENSIONES     Longitud [mm]:297  Ancho [mm]:102  Altura [mm]:51","og_url":"https:\/\/repuestoscdlexpress.cl\/?product=oem-1444-86","og_site_name":"Repuestos CDL Express","article_modified_time":"2024-04-19T16:09:20+00:00","og_image":[{"width":600,"height":600,"url":"https:\/\/repuestoscdlexpress.cl\/wp-content\/uploads\/2024\/04\/filtro-de-aire-1444-86-1.jpg","type":"image\/jpeg"}],"twitter_card":"summary_large_image","twitter_misc":{"Tiempo de lectura":"1 minuto"},"schema":{"@context":"https:\/\/schema.org","@graph":[{"@type":"WebPage","@id":"https:\/\/repuestoscdlexpress.cl\/?product=oem-1444-86","url":"https:\/\/repuestoscdlexpress.cl\/?product=oem-1444-86","name":"Filtro de aire Peugeot 306,405 1.8 OEM:1444-86 - Repuestos CDL Express","isPartOf":{"@id":"https:\/\/repuestoscdlexpress.cl\/#website"},"primaryImageOfPage":{"@id":"https:\/\/repuestoscdlexpress.cl\/?product=oem-1444-86#primaryimage"},"image":{"@id":"https:\/\/repuestoscdlexpress.cl\/?product=oem-1444-86#primaryimage"},"thumbnailUrl":"https:\/\/repuestoscdlexpress.cl\/wp-content\/uploads\/2024\/04\/filtro-de-aire-1444-86-1.jpg","datePublished":"2024-04-18T16:20:20+00:00","dateModified":"2024-04-19T16:09:20+00:00","breadcrumb":{"@id":"https:\/\/repuestoscdlexpress.cl\/?product=oem-1444-86#breadcrumb"},"inLanguage":"es","potentialAction":[{"@type":"ReadAction","target":["https:\/\/repuestoscdlexpress.cl\/?product=oem-1444-86"]}]},{"@type":"ImageObject","inLanguage":"es","@id":"https:\/\/repuestoscdlexpress.cl\/?product=oem-1444-86#primaryimage","url":"https:\/\/repuestoscdlexpress.cl\/wp-content\/uploads\/2024\/04\/filtro-de-aire-1444-86-1.jpg","contentUrl":"https:\/\/repuestoscdlexpress.cl\/wp-content\/uploads\/2024\/04\/filtro-de-aire-1444-86-1.jpg","width":600,"height":600},{"@type":"BreadcrumbList","@id":"https:\/\/repuestoscdlexpress.cl\/?product=oem-1444-86#breadcrumb","itemListElement":[{"@type":"ListItem","position":1,"name":"Portada","item":"https:\/\/repuestoscdlexpress.cl\/"},{"@type":"ListItem","position":2,"name":"Tienda","item":"https:\/\/repuestoscdlexpress.cl\/?page_id=7"},{"@type":"ListItem","position":3,"name":"Filtro de aire Peugeot 306,405 1.8 OEM:1444-86"}]},{"@type":"WebSite","@id":"https:\/\/repuestoscdlexpress.cl\/#website","url":"https:\/\/repuestoscdlexpress.cl\/","name":"Repuestos CDL Express","description":"Repuestos para veh\u00edculos","publisher":{"@id":"https:\/\/repuestoscdlexpress.cl\/#organization"},"alternateName":"Repuestos CDL","potentialAction":[{"@type":"SearchAction","target":{"@type":"EntryPoint","urlTemplate":"https:\/\/repuestoscdlexpress.cl\/?s={search_term_string}"},"query-input":{"@type":"PropertyValueSpecification","valueRequired":true,"valueName":"search_term_string"}}],"inLanguage":"es"},{"@type":"Organization","@id":"https:\/\/repuestoscdlexpress.cl\/#organization","name":"Repuestos CDL Express","url":"https:\/\/repuestoscdlexpress.cl\/","logo":{"@type":"ImageObject","inLanguage":"es","@id":"https:\/\/repuestoscdlexpress.cl\/#\/schema\/logo\/image\/","url":"https:\/\/repuestoscdlexpress.cl\/wp-content\/uploads\/2024\/03\/cropped-WhatsApp-Image-2024-03-20-at-14.59.09-1.jpeg","contentUrl":"https:\/\/repuestoscdlexpress.cl\/wp-content\/uploads\/2024\/03\/cropped-WhatsApp-Image-2024-03-20-at-14.59.09-1.jpeg","width":804,"height":284,"caption":"Repuestos CDL Express"},"image":{"@id":"https:\/\/repuestoscdlexpress.cl\/#\/schema\/logo\/image\/"},"sameAs":["https:\/\/www.instagram.com\/repuestoscdlexpress\/"]}]}},"_links":{"self":[{"href":"https:\/\/repuestoscdlexpress.cl\/index.php?rest_route=\/wp\/v2\/product\/1846","targetHints":{"allow":["GET"]}}],"collection":[{"href":"https:\/\/repuestoscdlexpress.cl\/index.php?rest_route=\/wp\/v2\/product"}],"about":[{"href":"https:\/\/repuestoscdlexpress.cl\/index.php?rest_route=\/wp\/v2\/types\/product"}],"replies":[{"embeddable":true,"href":"https:\/\/repuestoscdlexpress.cl\/index.php?rest_route=%2Fwp%2Fv2%2Fcomments&post=1846"}],"wp:featuredmedia":[{"embeddable":true,"href":"https:\/\/repuestoscdlexpress.cl\/index.php?rest_route=\/wp\/v2\/media\/1847"}],"wp:attachment":[{"href":"https:\/\/repuestoscdlexpress.cl\/index.php?rest_route=%2Fwp%2Fv2%2Fmedia&parent=1846"}],"wp:term":[{"taxonomy":"product_brand","embeddable":true,"href":"https:\/\/repuestoscdlexpress.cl\/index.php?rest_route=%2Fwp%2Fv2%2Fproduct_brand&post=1846"},{"taxonomy":"product_cat","embeddable":true,"href":"https:\/\/repuestoscdlexpress.cl\/index.php?rest_route=%2Fwp%2Fv2%2Fproduct_cat&post=1846"},{"taxonomy":"product_tag","embeddable":true,"href":"https:\/\/repuestoscdlexpress.cl\/index.php?rest_route=%2Fwp%2Fv2%2Fproduct_tag&post=1846"}],"curies":[{"name":"wp","href":"https:\/\/api.w.org\/{rel}","templated":true}]}}