{"id":1222,"date":"2024-04-01T13:43:30","date_gmt":"2024-04-01T13:43:30","guid":{"rendered":"https:\/\/repuestoscdlexpress.cl\/?product=motor-partida-parner-1-9-9-dientes"},"modified":"2024-11-20T17:48:29","modified_gmt":"2024-11-20T17:48:29","slug":"motor-partida-parner-1-9-9-dientes","status":"publish","type":"product","link":"https:\/\/repuestoscdlexpress.cl\/?product=motor-partida-parner-1-9-9-dientes","title":{"rendered":"MOTOR DE PARTIDA PEUGEOT PARNER 1.9 9-DIENTES OEM 5802-E4"},"content":{"rendered":"<p>ALTERNATIVO<\/p>\n","protected":false},"excerpt":{"rendered":"<div class=\"product-block__description-title\"><strong>Descripci\u00f3n<\/strong><\/div>\n<div class=\"product-description\" data-show-more=\"\" data-show-elements=\"\" data-media-all=\"10\">\n<div class=\"product-description__info\" data-show-text=\"\">\n<ul class=\"product-description__list\">\n<li class=\"product-description__item\" data-show-elements-item=\"\"><strong><span class=\"product-description__item-title\">Potencia nominal [kW]: <\/span><span class=\"product-description__item-value\">1,1<\/span><\/strong><\/li>\n<li class=\"product-description__item\" data-show-elements-item=\"\"><strong><span class=\"product-description__item-title\">Tensi\u00f3n [V]: <\/span><span class=\"product-description__item-value\">12<\/span><\/strong><\/li>\n<li class=\"product-description__item\" data-show-elements-item=\"\"><strong><span class=\"product-description__item-title\">N\u00famero de dientes: <\/span><span class=\"product-description__item-value\">9<\/span><\/strong><\/li>\n<li class=\"product-description__item\" data-show-elements-item=\"\"><strong><span class=\"product-description__item-title\">Sentido de giro: <\/span><span class=\"product-description__item-value\">Sentido de giro a la derecha (horario)<\/span><\/strong><\/li>\n<li class=\"product-description__item\" data-show-elements-item=\"\"><strong><span class=\"product-description__item-title\">Cantidad de agujeros de fijaci\u00f3n: <\/span><span class=\"product-description__item-value\">3<\/span><\/strong><\/li>\n<li class=\"product-description__item\" data-show-elements-item=\"\"><strong><span class=\"product-description__item-title\">Di\u00e1metro de brida [mm]: <\/span><span class=\"product-description__item-value\">62<\/span><\/strong><\/li>\n<\/ul>\n<\/div>\n<\/div>\n","protected":false},"featured_media":2806,"comment_status":"closed","ping_status":"closed","template":"","meta":{"site-sidebar-layout":"default","site-content-layout":"","ast-site-content-layout":"default","site-content-style":"default","site-sidebar-style":"default","ast-global-header-display":"","ast-banner-title-visibility":"","ast-main-header-display":"","ast-hfb-above-header-display":"","ast-hfb-below-header-display":"","ast-hfb-mobile-header-display":"","site-post-title":"","ast-breadcrumbs-content":"","ast-featured-img":"","footer-sml-layout":"","ast-disable-related-posts":"","theme-transparent-header-meta":"default","adv-header-id-meta":"","stick-header-meta":"","header-above-stick-meta":"","header-main-stick-meta":"","header-below-stick-meta":"","astra-migrate-meta-layouts":"set","ast-page-background-enabled":"default","ast-page-background-meta":{"desktop":{"background-color":"var(--ast-global-color-4)","background-image":"","background-repeat":"repeat","background-position":"center center","background-size":"auto","background-attachment":"scroll","background-type":"","background-media":"","overlay-type":"","overlay-color":"","overlay-opacity":"","overlay-gradient":""},"tablet":{"background-color":"","background-image":"","background-repeat":"repeat","background-position":"center center","background-size":"auto","background-attachment":"scroll","background-type":"","background-media":"","overlay-type":"","overlay-color":"","overlay-opacity":"","overlay-gradient":""},"mobile":{"background-color":"","background-image":"","background-repeat":"repeat","background-position":"center center","background-size":"auto","background-attachment":"scroll","background-type":"","background-media":"","overlay-type":"","overlay-color":"","overlay-opacity":"","overlay-gradient":""}},"ast-content-background-meta":{"desktop":{"background-color":"var(--ast-global-color-5)","background-image":"","background-repeat":"repeat","background-position":"center center","background-size":"auto","background-attachment":"scroll","background-type":"","background-media":"","overlay-type":"","overlay-color":"","overlay-opacity":"","overlay-gradient":""},"tablet":{"background-color":"var(--ast-global-color-5)","background-image":"","background-repeat":"repeat","background-position":"center center","background-size":"auto","background-attachment":"scroll","background-type":"","background-media":"","overlay-type":"","overlay-color":"","overlay-opacity":"","overlay-gradient":""},"mobile":{"background-color":"var(--ast-global-color-5)","background-image":"","background-repeat":"repeat","background-position":"center center","background-size":"auto","background-attachment":"scroll","background-type":"","background-media":"","overlay-type":"","overlay-color":"","overlay-opacity":"","overlay-gradient":""}}},"product_brand":[],"product_cat":[82],"product_tag":[479],"class_list":{"0":"post-1222","1":"product","2":"type-product","3":"status-publish","4":"has-post-thumbnail","6":"product_cat-electrico","7":"product_tag-alternativo","8":"desktop-align-left","9":"tablet-align-left","10":"mobile-align-left","12":"first","13":"instock","14":"purchasable","15":"product-type-simple"},"yoast_head":"<!-- This site is optimized with the Yoast SEO plugin v27.5 - https:\/\/yoast.com\/product\/yoast-seo-wordpress\/ -->\n<title>MOTOR DE PARTIDA PEUGEOT PARNER 1.9 9-DIENTES OEM 5802-E4 - Repuestos CDL Express<\/title>\n<meta name=\"robots\" content=\"index, follow, max-snippet:-1, max-image-preview:large, max-video-preview:-1\" \/>\n<link rel=\"canonical\" href=\"https:\/\/repuestoscdlexpress.cl\/?product=motor-partida-parner-1-9-9-dientes\" \/>\n<meta property=\"og:locale\" content=\"es_ES\" \/>\n<meta property=\"og:type\" content=\"article\" \/>\n<meta property=\"og:title\" content=\"MOTOR DE PARTIDA PEUGEOT PARNER 1.9 9-DIENTES OEM 5802-E4 - Repuestos CDL Express\" \/>\n<meta property=\"og:description\" content=\"Descripci\u00f3n     Potencia nominal [kW]: 1,1  Tensi\u00f3n [V]: 12  N\u00famero de dientes: 9  Sentido de giro: Sentido de giro a la derecha (horario)  Cantidad de agujeros de fijaci\u00f3n: 3  Di\u00e1metro de brida [mm]: 62\" \/>\n<meta property=\"og:url\" content=\"https:\/\/repuestoscdlexpress.cl\/?product=motor-partida-parner-1-9-9-dientes\" \/>\n<meta property=\"og:site_name\" content=\"Repuestos CDL Express\" \/>\n<meta property=\"article:modified_time\" content=\"2024-11-20T17:48:29+00:00\" \/>\n<meta property=\"og:image\" content=\"https:\/\/repuestoscdlexpress.cl\/wp-content\/uploads\/2024\/04\/thumb.jpeg\" \/>\n\t<meta property=\"og:image:width\" content=\"600\" \/>\n\t<meta property=\"og:image:height\" content=\"600\" \/>\n\t<meta property=\"og:image:type\" content=\"image\/jpeg\" \/>\n<meta name=\"twitter:card\" content=\"summary_large_image\" \/>\n<meta name=\"twitter:label1\" content=\"Tiempo de lectura\" \/>\n\t<meta name=\"twitter:data1\" content=\"1 minuto\" \/>\n<script type=\"application\/ld+json\" class=\"yoast-schema-graph\">{\"@context\":\"https:\\\/\\\/schema.org\",\"@graph\":[{\"@type\":\"WebPage\",\"@id\":\"https:\\\/\\\/repuestoscdlexpress.cl\\\/?product=motor-partida-parner-1-9-9-dientes\",\"url\":\"https:\\\/\\\/repuestoscdlexpress.cl\\\/?product=motor-partida-parner-1-9-9-dientes\",\"name\":\"MOTOR DE PARTIDA PEUGEOT PARNER 1.9 9-DIENTES OEM 5802-E4 - Repuestos CDL Express\",\"isPartOf\":{\"@id\":\"https:\\\/\\\/repuestoscdlexpress.cl\\\/#website\"},\"primaryImageOfPage\":{\"@id\":\"https:\\\/\\\/repuestoscdlexpress.cl\\\/?product=motor-partida-parner-1-9-9-dientes#primaryimage\"},\"image\":{\"@id\":\"https:\\\/\\\/repuestoscdlexpress.cl\\\/?product=motor-partida-parner-1-9-9-dientes#primaryimage\"},\"thumbnailUrl\":\"https:\\\/\\\/repuestoscdlexpress.cl\\\/wp-content\\\/uploads\\\/2024\\\/04\\\/thumb.jpeg\",\"datePublished\":\"2024-04-01T13:43:30+00:00\",\"dateModified\":\"2024-11-20T17:48:29+00:00\",\"breadcrumb\":{\"@id\":\"https:\\\/\\\/repuestoscdlexpress.cl\\\/?product=motor-partida-parner-1-9-9-dientes#breadcrumb\"},\"inLanguage\":\"es\",\"potentialAction\":[{\"@type\":\"ReadAction\",\"target\":[\"https:\\\/\\\/repuestoscdlexpress.cl\\\/?product=motor-partida-parner-1-9-9-dientes\"]}]},{\"@type\":\"ImageObject\",\"inLanguage\":\"es\",\"@id\":\"https:\\\/\\\/repuestoscdlexpress.cl\\\/?product=motor-partida-parner-1-9-9-dientes#primaryimage\",\"url\":\"https:\\\/\\\/repuestoscdlexpress.cl\\\/wp-content\\\/uploads\\\/2024\\\/04\\\/thumb.jpeg\",\"contentUrl\":\"https:\\\/\\\/repuestoscdlexpress.cl\\\/wp-content\\\/uploads\\\/2024\\\/04\\\/thumb.jpeg\",\"width\":600,\"height\":600},{\"@type\":\"BreadcrumbList\",\"@id\":\"https:\\\/\\\/repuestoscdlexpress.cl\\\/?product=motor-partida-parner-1-9-9-dientes#breadcrumb\",\"itemListElement\":[{\"@type\":\"ListItem\",\"position\":1,\"name\":\"Portada\",\"item\":\"https:\\\/\\\/repuestoscdlexpress.cl\\\/\"},{\"@type\":\"ListItem\",\"position\":2,\"name\":\"Tienda\",\"item\":\"https:\\\/\\\/repuestoscdlexpress.cl\\\/?page_id=7\"},{\"@type\":\"ListItem\",\"position\":3,\"name\":\"MOTOR DE PARTIDA PEUGEOT PARNER 1.9 9-DIENTES OEM 5802-E4\"}]},{\"@type\":\"WebSite\",\"@id\":\"https:\\\/\\\/repuestoscdlexpress.cl\\\/#website\",\"url\":\"https:\\\/\\\/repuestoscdlexpress.cl\\\/\",\"name\":\"Repuestos CDL Express\",\"description\":\"Repuestos para veh\u00edculos\",\"publisher\":{\"@id\":\"https:\\\/\\\/repuestoscdlexpress.cl\\\/#organization\"},\"alternateName\":\"Repuestos CDL\",\"potentialAction\":[{\"@type\":\"SearchAction\",\"target\":{\"@type\":\"EntryPoint\",\"urlTemplate\":\"https:\\\/\\\/repuestoscdlexpress.cl\\\/?s={search_term_string}\"},\"query-input\":{\"@type\":\"PropertyValueSpecification\",\"valueRequired\":true,\"valueName\":\"search_term_string\"}}],\"inLanguage\":\"es\"},{\"@type\":\"Organization\",\"@id\":\"https:\\\/\\\/repuestoscdlexpress.cl\\\/#organization\",\"name\":\"Repuestos CDL Express\",\"url\":\"https:\\\/\\\/repuestoscdlexpress.cl\\\/\",\"logo\":{\"@type\":\"ImageObject\",\"inLanguage\":\"es\",\"@id\":\"https:\\\/\\\/repuestoscdlexpress.cl\\\/#\\\/schema\\\/logo\\\/image\\\/\",\"url\":\"https:\\\/\\\/repuestoscdlexpress.cl\\\/wp-content\\\/uploads\\\/2024\\\/03\\\/cropped-WhatsApp-Image-2024-03-20-at-14.59.09-1.jpeg\",\"contentUrl\":\"https:\\\/\\\/repuestoscdlexpress.cl\\\/wp-content\\\/uploads\\\/2024\\\/03\\\/cropped-WhatsApp-Image-2024-03-20-at-14.59.09-1.jpeg\",\"width\":804,\"height\":284,\"caption\":\"Repuestos CDL Express\"},\"image\":{\"@id\":\"https:\\\/\\\/repuestoscdlexpress.cl\\\/#\\\/schema\\\/logo\\\/image\\\/\"},\"sameAs\":[\"https:\\\/\\\/www.instagram.com\\\/repuestoscdlexpress\\\/\"]}]}<\/script>\n<!-- \/ Yoast SEO plugin. -->","yoast_head_json":{"title":"MOTOR DE PARTIDA PEUGEOT PARNER 1.9 9-DIENTES OEM 5802-E4 - Repuestos CDL Express","robots":{"index":"index","follow":"follow","max-snippet":"max-snippet:-1","max-image-preview":"max-image-preview:large","max-video-preview":"max-video-preview:-1"},"canonical":"https:\/\/repuestoscdlexpress.cl\/?product=motor-partida-parner-1-9-9-dientes","og_locale":"es_ES","og_type":"article","og_title":"MOTOR DE PARTIDA PEUGEOT PARNER 1.9 9-DIENTES OEM 5802-E4 - Repuestos CDL Express","og_description":"Descripci\u00f3n     Potencia nominal [kW]: 1,1  Tensi\u00f3n [V]: 12  N\u00famero de dientes: 9  Sentido de giro: Sentido de giro a la derecha (horario)  Cantidad de agujeros de fijaci\u00f3n: 3  Di\u00e1metro de brida [mm]: 62","og_url":"https:\/\/repuestoscdlexpress.cl\/?product=motor-partida-parner-1-9-9-dientes","og_site_name":"Repuestos CDL Express","article_modified_time":"2024-11-20T17:48:29+00:00","og_image":[{"width":600,"height":600,"url":"https:\/\/repuestoscdlexpress.cl\/wp-content\/uploads\/2024\/04\/thumb.jpeg","type":"image\/jpeg"}],"twitter_card":"summary_large_image","twitter_misc":{"Tiempo de lectura":"1 minuto"},"schema":{"@context":"https:\/\/schema.org","@graph":[{"@type":"WebPage","@id":"https:\/\/repuestoscdlexpress.cl\/?product=motor-partida-parner-1-9-9-dientes","url":"https:\/\/repuestoscdlexpress.cl\/?product=motor-partida-parner-1-9-9-dientes","name":"MOTOR DE PARTIDA PEUGEOT PARNER 1.9 9-DIENTES OEM 5802-E4 - Repuestos CDL Express","isPartOf":{"@id":"https:\/\/repuestoscdlexpress.cl\/#website"},"primaryImageOfPage":{"@id":"https:\/\/repuestoscdlexpress.cl\/?product=motor-partida-parner-1-9-9-dientes#primaryimage"},"image":{"@id":"https:\/\/repuestoscdlexpress.cl\/?product=motor-partida-parner-1-9-9-dientes#primaryimage"},"thumbnailUrl":"https:\/\/repuestoscdlexpress.cl\/wp-content\/uploads\/2024\/04\/thumb.jpeg","datePublished":"2024-04-01T13:43:30+00:00","dateModified":"2024-11-20T17:48:29+00:00","breadcrumb":{"@id":"https:\/\/repuestoscdlexpress.cl\/?product=motor-partida-parner-1-9-9-dientes#breadcrumb"},"inLanguage":"es","potentialAction":[{"@type":"ReadAction","target":["https:\/\/repuestoscdlexpress.cl\/?product=motor-partida-parner-1-9-9-dientes"]}]},{"@type":"ImageObject","inLanguage":"es","@id":"https:\/\/repuestoscdlexpress.cl\/?product=motor-partida-parner-1-9-9-dientes#primaryimage","url":"https:\/\/repuestoscdlexpress.cl\/wp-content\/uploads\/2024\/04\/thumb.jpeg","contentUrl":"https:\/\/repuestoscdlexpress.cl\/wp-content\/uploads\/2024\/04\/thumb.jpeg","width":600,"height":600},{"@type":"BreadcrumbList","@id":"https:\/\/repuestoscdlexpress.cl\/?product=motor-partida-parner-1-9-9-dientes#breadcrumb","itemListElement":[{"@type":"ListItem","position":1,"name":"Portada","item":"https:\/\/repuestoscdlexpress.cl\/"},{"@type":"ListItem","position":2,"name":"Tienda","item":"https:\/\/repuestoscdlexpress.cl\/?page_id=7"},{"@type":"ListItem","position":3,"name":"MOTOR DE PARTIDA PEUGEOT PARNER 1.9 9-DIENTES OEM 5802-E4"}]},{"@type":"WebSite","@id":"https:\/\/repuestoscdlexpress.cl\/#website","url":"https:\/\/repuestoscdlexpress.cl\/","name":"Repuestos CDL Express","description":"Repuestos para veh\u00edculos","publisher":{"@id":"https:\/\/repuestoscdlexpress.cl\/#organization"},"alternateName":"Repuestos CDL","potentialAction":[{"@type":"SearchAction","target":{"@type":"EntryPoint","urlTemplate":"https:\/\/repuestoscdlexpress.cl\/?s={search_term_string}"},"query-input":{"@type":"PropertyValueSpecification","valueRequired":true,"valueName":"search_term_string"}}],"inLanguage":"es"},{"@type":"Organization","@id":"https:\/\/repuestoscdlexpress.cl\/#organization","name":"Repuestos CDL Express","url":"https:\/\/repuestoscdlexpress.cl\/","logo":{"@type":"ImageObject","inLanguage":"es","@id":"https:\/\/repuestoscdlexpress.cl\/#\/schema\/logo\/image\/","url":"https:\/\/repuestoscdlexpress.cl\/wp-content\/uploads\/2024\/03\/cropped-WhatsApp-Image-2024-03-20-at-14.59.09-1.jpeg","contentUrl":"https:\/\/repuestoscdlexpress.cl\/wp-content\/uploads\/2024\/03\/cropped-WhatsApp-Image-2024-03-20-at-14.59.09-1.jpeg","width":804,"height":284,"caption":"Repuestos CDL Express"},"image":{"@id":"https:\/\/repuestoscdlexpress.cl\/#\/schema\/logo\/image\/"},"sameAs":["https:\/\/www.instagram.com\/repuestoscdlexpress\/"]}]}},"_links":{"self":[{"href":"https:\/\/repuestoscdlexpress.cl\/index.php?rest_route=\/wp\/v2\/product\/1222","targetHints":{"allow":["GET"]}}],"collection":[{"href":"https:\/\/repuestoscdlexpress.cl\/index.php?rest_route=\/wp\/v2\/product"}],"about":[{"href":"https:\/\/repuestoscdlexpress.cl\/index.php?rest_route=\/wp\/v2\/types\/product"}],"replies":[{"embeddable":true,"href":"https:\/\/repuestoscdlexpress.cl\/index.php?rest_route=%2Fwp%2Fv2%2Fcomments&post=1222"}],"wp:featuredmedia":[{"embeddable":true,"href":"https:\/\/repuestoscdlexpress.cl\/index.php?rest_route=\/wp\/v2\/media\/2806"}],"wp:attachment":[{"href":"https:\/\/repuestoscdlexpress.cl\/index.php?rest_route=%2Fwp%2Fv2%2Fmedia&parent=1222"}],"wp:term":[{"taxonomy":"product_brand","embeddable":true,"href":"https:\/\/repuestoscdlexpress.cl\/index.php?rest_route=%2Fwp%2Fv2%2Fproduct_brand&post=1222"},{"taxonomy":"product_cat","embeddable":true,"href":"https:\/\/repuestoscdlexpress.cl\/index.php?rest_route=%2Fwp%2Fv2%2Fproduct_cat&post=1222"},{"taxonomy":"product_tag","embeddable":true,"href":"https:\/\/repuestoscdlexpress.cl\/index.php?rest_route=%2Fwp%2Fv2%2Fproduct_tag&post=1222"}],"curies":[{"name":"wp","href":"https:\/\/api.w.org\/{rel}","templated":true}]}}